{"id":532,"date":"2018-11-26T12:46:44","date_gmt":"2018-11-26T12:46:44","guid":{"rendered":"https:\/\/ozmenintermodal.com\/index.php\/projects\/"},"modified":"2023-06-03T10:05:03","modified_gmt":"2023-06-03T07:05:03","slug":"projects","status":"publish","type":"page","link":"https:\/\/ozmenintermodal.com\/index.php\/projects\/","title":{"rendered":"Projects"},"content":{"rendered":"\t\t<div data-elementor-type=\"wp-post\" data-elementor-id=\"532\" class=\"elementor elementor-532\">\n\t\t\t\t\t\t\t\t\t<section class=\"elementor-section elementor-top-section elementor-element elementor-element-7d0b1fd elementor-section-content-middle elementor-section-boxed elementor-section-height-default elementor-section-height-default\" data-id=\"7d0b1fd\" data-element_type=\"section\" data-settings=\"{&quot;background_background&quot;:&quot;classic&quot;}\">\n\t\t\t\t\t\t\t<div class=\"elementor-background-overlay\"><\/div>\n\t\t\t\t\t\t\t<div class=\"elementor-container elementor-column-gap-no\">\n\t\t\t\t\t<div class=\"elementor-column elementor-col-100 elementor-top-column elementor-element elementor-element-2365ee4d\" data-id=\"2365ee4d\" data-element_type=\"column\">\n\t\t\t<div class=\"elementor-widget-wrap elementor-element-populated\">\n\t\t\t\t\t\t\t\t<div class=\"elementor-element elementor-element-3e363d46 elementor-widget elementor-widget-heading\" data-id=\"3e363d46\" data-element_type=\"widget\" data-widget_type=\"heading.default\">\n\t\t\t\t<div class=\"elementor-widget-container\">\n\t\t\t<style>\/*! elementor - v3.13.3 - 28-05-2023 *\/\n.elementor-heading-title{padding:0;margin:0;line-height:1}.elementor-widget-heading .elementor-heading-title[class*=elementor-size-]>a{color:inherit;font-size:inherit;line-height:inherit}.elementor-widget-heading .elementor-heading-title.elementor-size-small{font-size:15px}.elementor-widget-heading .elementor-heading-title.elementor-size-medium{font-size:19px}.elementor-widget-heading .elementor-heading-title.elementor-size-large{font-size:29px}.elementor-widget-heading .elementor-heading-title.elementor-size-xl{font-size:39px}.elementor-widget-heading .elementor-heading-title.elementor-size-xxl{font-size:59px}<\/style><h1 class=\"elementor-heading-title elementor-size-default\">H\u0130ZMETLER\u0130M\u0130Z<\/h1>\t\t<\/div>\n\t\t\t\t<\/div>\n\t\t\t\t\t<\/div>\n\t\t<\/div>\n\t\t\t\t\t\t\t<\/div>\n\t\t<\/section>\n\t\t\t\t<section class=\"elementor-section elementor-top-section elementor-element elementor-element-695b2b0f elementor-section-content-top elementor-section-boxed elementor-section-height-default elementor-section-height-default\" data-id=\"695b2b0f\" data-element_type=\"section\" data-settings=\"{&quot;background_background&quot;:&quot;classic&quot;}\">\n\t\t\t\t\t\t<div class=\"elementor-container elementor-column-gap-no\">\n\t\t\t\t\t<div class=\"elementor-column elementor-col-50 elementor-top-column elementor-element elementor-element-43d414b9\" data-id=\"43d414b9\" data-element_type=\"column\">\n\t\t\t<div class=\"elementor-widget-wrap elementor-element-populated\">\n\t\t\t\t\t\t\t\t<div class=\"elementor-element elementor-element-2999a38a elementor-widget elementor-widget-image\" data-id=\"2999a38a\" data-element_type=\"widget\" data-widget_type=\"image.default\">\n\t\t\t\t<div class=\"elementor-widget-container\">\n\t\t\t<style>\/*! elementor - v3.13.3 - 28-05-2023 *\/\n.elementor-widget-image{text-align:center}.elementor-widget-image a{display:inline-block}.elementor-widget-image a img[src$=\".svg\"]{width:48px}.elementor-widget-image img{vertical-align:middle;display:inline-block}<\/style>\t\t\t\t\t\t\t\t\t\t\t\t<img decoding=\"async\" width=\"900\" height=\"1000\" src=\"https:\/\/ozmenintermodal.com\/wp-content\/uploads\/2023\/06\/1.png\" class=\"attachment-full size-full wp-image-549\" alt=\"\" loading=\"lazy\" srcset=\"https:\/\/ozmenintermodal.com\/wp-content\/uploads\/2023\/06\/1.png 900w, https:\/\/ozmenintermodal.com\/wp-content\/uploads\/2023\/06\/1-270x300.png 270w, https:\/\/ozmenintermodal.com\/wp-content\/uploads\/2023\/06\/1-768x853.png 768w\" sizes=\"(max-width: 900px) 100vw, 900px\" \/>\t\t\t\t\t\t\t\t\t\t\t\t\t\t\t<\/div>\n\t\t\t\t<\/div>\n\t\t\t\t<div class=\"elementor-element elementor-element-65a46ba6 elementor-widget elementor-widget-heading\" data-id=\"65a46ba6\" data-element_type=\"widget\" data-widget_type=\"heading.default\">\n\t\t\t\t<div class=\"elementor-widget-container\">\n\t\t\t<h4 class=\"elementor-heading-title elementor-size-default\">KARAYOLU TA\u015eIMACILI\u011eI<\/h4>\t\t<\/div>\n\t\t\t\t<\/div>\n\t\t\t\t<div class=\"elementor-element elementor-element-2922c6da elementor-widget elementor-widget-text-editor\" data-id=\"2922c6da\" data-element_type=\"widget\" data-widget_type=\"text-editor.default\">\n\t\t\t\t<div class=\"elementor-widget-container\">\n\t\t\t<style>\/*! elementor - v3.13.3 - 28-05-2023 *\/\n.elementor-widget-text-editor.elementor-drop-cap-view-stacked .elementor-drop-cap{background-color:#69727d;color:#fff}.elementor-widget-text-editor.elementor-drop-cap-view-framed .elementor-drop-cap{color:#69727d;border:3px solid;background-color:transparent}.elementor-widget-text-editor:not(.elementor-drop-cap-view-default) .elementor-drop-cap{margin-top:8px}.elementor-widget-text-editor:not(.elementor-drop-cap-view-default) .elementor-drop-cap-letter{width:1em;height:1em}.elementor-widget-text-editor .elementor-drop-cap{float:left;text-align:center;line-height:1;font-size:50px}.elementor-widget-text-editor .elementor-drop-cap-letter{display:inline-block}<\/style>\t\t\t\t<p>\u0130htiya\u00e7lar\u0131n\u0131za \u00f6zel ara\u00e7 filomuz ile komple ve parsiyel ta\u015f\u0131mac\u0131l\u0131k hizmeti vermekteyiz.<\/p>\t\t\t\t\t\t<\/div>\n\t\t\t\t<\/div>\n\t\t\t\t\t<\/div>\n\t\t<\/div>\n\t\t\t\t<div class=\"elementor-column elementor-col-50 elementor-top-column elementor-element elementor-element-479f1207\" data-id=\"479f1207\" data-element_type=\"column\">\n\t\t\t<div class=\"elementor-widget-wrap elementor-element-populated\">\n\t\t\t\t\t\t\t\t<div class=\"elementor-element elementor-element-1c138690 elementor-widget elementor-widget-image\" data-id=\"1c138690\" data-element_type=\"widget\" data-widget_type=\"image.default\">\n\t\t\t\t<div class=\"elementor-widget-container\">\n\t\t\t\t\t\t\t\t\t\t\t\t\t\t\t<img decoding=\"async\" width=\"900\" height=\"1000\" src=\"https:\/\/ozmenintermodal.com\/wp-content\/uploads\/2023\/06\/Adsiz-tasarim-2.png\" class=\"attachment-full size-full wp-image-601\" alt=\"\" loading=\"lazy\" srcset=\"https:\/\/ozmenintermodal.com\/wp-content\/uploads\/2023\/06\/Adsiz-tasarim-2.png 900w, https:\/\/ozmenintermodal.com\/wp-content\/uploads\/2023\/06\/Adsiz-tasarim-2-270x300.png 270w, https:\/\/ozmenintermodal.com\/wp-content\/uploads\/2023\/06\/Adsiz-tasarim-2-768x853.png 768w\" sizes=\"(max-width: 900px) 100vw, 900px\" \/>\t\t\t\t\t\t\t\t\t\t\t\t\t\t\t<\/div>\n\t\t\t\t<\/div>\n\t\t\t\t<div class=\"elementor-element elementor-element-659e6e22 elementor-widget elementor-widget-heading\" data-id=\"659e6e22\" data-element_type=\"widget\" data-widget_type=\"heading.default\">\n\t\t\t\t<div class=\"elementor-widget-container\">\n\t\t\t<h4 class=\"elementor-heading-title elementor-size-default\">DEPOLAMA\n<\/h4>\t\t<\/div>\n\t\t\t\t<\/div>\n\t\t\t\t<div class=\"elementor-element elementor-element-61fbbb60 elementor-widget elementor-widget-text-editor\" data-id=\"61fbbb60\" data-element_type=\"widget\" data-widget_type=\"text-editor.default\">\n\t\t\t\t<div class=\"elementor-widget-container\">\n\t\t\t\t\t\t\t<p>\u00dcr\u00fcnlerinizi g\u00fcvenli depolama alanlar\u0131m\u0131zda sakl\u0131yor, stok y\u00f6netimi konusunda size destek sa\u011fl\u0131yoruz.<\/p>\t\t\t\t\t\t<\/div>\n\t\t\t\t<\/div>\n\t\t\t\t\t<\/div>\n\t\t<\/div>\n\t\t\t\t\t\t\t<\/div>\n\t\t<\/section>\n\t\t\t\t<section class=\"elementor-section elementor-top-section elementor-element elementor-element-5765c148 elementor-section-content-top elementor-section-boxed elementor-section-height-default elementor-section-height-default\" data-id=\"5765c148\" data-element_type=\"section\" data-settings=\"{&quot;background_background&quot;:&quot;classic&quot;}\">\n\t\t\t\t\t\t<div class=\"elementor-container elementor-column-gap-no\">\n\t\t\t\t\t<div class=\"elementor-column elementor-col-50 elementor-top-column elementor-element elementor-element-52d4d70b\" data-id=\"52d4d70b\" data-element_type=\"column\">\n\t\t\t<div class=\"elementor-widget-wrap elementor-element-populated\">\n\t\t\t\t\t\t\t\t<div class=\"elementor-element elementor-element-6a4ef52a elementor-widget elementor-widget-image\" data-id=\"6a4ef52a\" data-element_type=\"widget\" data-widget_type=\"image.default\">\n\t\t\t\t<div class=\"elementor-widget-container\">\n\t\t\t\t\t\t\t\t\t\t\t\t\t\t\t<img decoding=\"async\" width=\"900\" height=\"1000\" src=\"https:\/\/ozmenintermodal.com\/wp-content\/uploads\/2023\/06\/Adsiz-tasarim-3.png\" class=\"attachment-full size-full wp-image-602\" alt=\"\" loading=\"lazy\" srcset=\"https:\/\/ozmenintermodal.com\/wp-content\/uploads\/2023\/06\/Adsiz-tasarim-3.png 900w, https:\/\/ozmenintermodal.com\/wp-content\/uploads\/2023\/06\/Adsiz-tasarim-3-270x300.png 270w, https:\/\/ozmenintermodal.com\/wp-content\/uploads\/2023\/06\/Adsiz-tasarim-3-768x853.png 768w\" sizes=\"(max-width: 900px) 100vw, 900px\" \/>\t\t\t\t\t\t\t\t\t\t\t\t\t\t\t<\/div>\n\t\t\t\t<\/div>\n\t\t\t\t<div class=\"elementor-element elementor-element-7fb3834f elementor-widget elementor-widget-heading\" data-id=\"7fb3834f\" data-element_type=\"widget\" data-widget_type=\"heading.default\">\n\t\t\t\t<div class=\"elementor-widget-container\">\n\t\t\t<h4 class=\"elementor-heading-title elementor-size-default\">HIZLI VE G\u00dcVEN\u0130L\u0130R DA\u011eITIM<\/h4>\t\t<\/div>\n\t\t\t\t<\/div>\n\t\t\t\t<div class=\"elementor-element elementor-element-cf4ffec elementor-widget elementor-widget-text-editor\" data-id=\"cf4ffec\" data-element_type=\"widget\" data-widget_type=\"text-editor.default\">\n\t\t\t\t<div class=\"elementor-widget-container\">\n\t\t\t\t\t\t\t<p>Yurti\u00e7indeki da\u011f\u0131t\u0131m ihtiya\u00e7lar\u0131n\u0131z\u0131 zaman\u0131nda ve g\u00fcvenilir bir \u015fekilde kar\u015f\u0131l\u0131yoruz.<\/p>\t\t\t\t\t\t<\/div>\n\t\t\t\t<\/div>\n\t\t\t\t\t<\/div>\n\t\t<\/div>\n\t\t\t\t<div class=\"elementor-column elementor-col-50 elementor-top-column elementor-element elementor-element-508673ec\" data-id=\"508673ec\" data-element_type=\"column\">\n\t\t\t<div class=\"elementor-widget-wrap elementor-element-populated\">\n\t\t\t\t\t\t\t\t<div class=\"elementor-element elementor-element-5a9c6e27 elementor-widget elementor-widget-image\" data-id=\"5a9c6e27\" data-element_type=\"widget\" data-widget_type=\"image.default\">\n\t\t\t\t<div class=\"elementor-widget-container\">\n\t\t\t\t\t\t\t\t\t\t\t\t\t\t\t<img decoding=\"async\" width=\"900\" height=\"1000\" src=\"https:\/\/ozmenintermodal.com\/wp-content\/uploads\/2023\/06\/Adsiz-tasarim-4.png\" class=\"attachment-full size-full wp-image-603\" alt=\"\" loading=\"lazy\" srcset=\"https:\/\/ozmenintermodal.com\/wp-content\/uploads\/2023\/06\/Adsiz-tasarim-4.png 900w, https:\/\/ozmenintermodal.com\/wp-content\/uploads\/2023\/06\/Adsiz-tasarim-4-270x300.png 270w, https:\/\/ozmenintermodal.com\/wp-content\/uploads\/2023\/06\/Adsiz-tasarim-4-768x853.png 768w\" sizes=\"(max-width: 900px) 100vw, 900px\" \/>\t\t\t\t\t\t\t\t\t\t\t\t\t\t\t<\/div>\n\t\t\t\t<\/div>\n\t\t\t\t<div class=\"elementor-element elementor-element-5feb3576 elementor-widget elementor-widget-heading\" data-id=\"5feb3576\" data-element_type=\"widget\" data-widget_type=\"heading.default\">\n\t\t\t\t<div class=\"elementor-widget-container\">\n\t\t\t<h4 class=\"elementor-heading-title elementor-size-default\">Liman Hizmetleri<\/h4>\t\t<\/div>\n\t\t\t\t<\/div>\n\t\t\t\t<div class=\"elementor-element elementor-element-3d74166f elementor-widget elementor-widget-text-editor\" data-id=\"3d74166f\" data-element_type=\"widget\" data-widget_type=\"text-editor.default\">\n\t\t\t\t<div class=\"elementor-widget-container\">\n\t\t\t\t\t\t\t<p>Bu alanda lojistik a\u011fa sahip olan firmam\u0131z, y\u00fcklerinizi g\u00fcvenli bir \u015fekilde gemilere y\u00fckleme, bo\u015faltma, depolama ve ta\u015f\u0131ma i\u015flemlerini kapsamaktad\u0131r.<\/p>\t\t\t\t\t\t<\/div>\n\t\t\t\t<\/div>\n\t\t\t\t\t<\/div>\n\t\t<\/div>\n\t\t\t\t\t\t\t<\/div>\n\t\t<\/section>\n\t\t\t\t<section class=\"elementor-section elementor-top-section elementor-element elementor-element-424aa8f8 elementor-section-boxed elementor-section-height-default elementor-section-height-default\" data-id=\"424aa8f8\" data-element_type=\"section\" data-settings=\"{&quot;background_background&quot;:&quot;classic&quot;}\">\n\t\t\t\t\t\t<div class=\"elementor-container elementor-column-gap-default\">\n\t\t\t\t\t<div class=\"elementor-column elementor-col-25 elementor-top-column elementor-element elementor-element-47dc678\" data-id=\"47dc678\" data-element_type=\"column\">\n\t\t\t<div class=\"elementor-widget-wrap\">\n\t\t\t\t\t\t\t\t\t<\/div>\n\t\t<\/div>\n\t\t\t\t<div class=\"elementor-column elementor-col-25 elementor-top-column elementor-element elementor-element-404eac3f\" data-id=\"404eac3f\" data-element_type=\"column\">\n\t\t\t<div class=\"elementor-widget-wrap elementor-element-populated\">\n\t\t\t\t\t\t\t\t<div class=\"elementor-element elementor-element-34975a22 elementor-widget elementor-widget-heading\" data-id=\"34975a22\" data-element_type=\"widget\" data-widget_type=\"heading.default\">\n\t\t\t\t<div class=\"elementor-widget-container\">\n\t\t\t<h3 class=\"elementor-heading-title elementor-size-default\">H\u0131zl\u0131 ve g\u00fcvenilir bir lojistik hizmetine mi ihtiyac\u0131n\u0131z var?<\/h3>\t\t<\/div>\n\t\t\t\t<\/div>\n\t\t\t\t\t<\/div>\n\t\t<\/div>\n\t\t\t\t<div class=\"elementor-column elementor-col-25 elementor-top-column elementor-element elementor-element-70e92261\" data-id=\"70e92261\" data-element_type=\"column\">\n\t\t\t<div class=\"elementor-widget-wrap elementor-element-populated\">\n\t\t\t\t\t\t\t\t<div class=\"elementor-element elementor-element-78818cc6 elementor-align-center elementor-widget elementor-widget-button\" data-id=\"78818cc6\" data-element_type=\"widget\" data-widget_type=\"button.default\">\n\t\t\t\t<div class=\"elementor-widget-container\">\n\t\t\t\t\t<div class=\"elementor-button-wrapper\">\n\t\t\t<a href=\"#contact\" class=\"elementor-button-link elementor-button elementor-size-sm\" role=\"button\">\n\t\t\t\t\t\t<span class=\"elementor-button-content-wrapper\">\n\t\t\t\t\t\t<span class=\"elementor-button-text\">Bize ula\u015f\u0131n<\/span>\n\t\t<\/span>\n\t\t\t\t\t<\/a>\n\t\t<\/div>\n\t\t\t\t<\/div>\n\t\t\t\t<\/div>\n\t\t\t\t\t<\/div>\n\t\t<\/div>\n\t\t\t\t<div class=\"elementor-column elementor-col-25 elementor-top-column elementor-element elementor-element-32df6e90\" data-id=\"32df6e90\" data-element_type=\"column\">\n\t\t\t<div class=\"elementor-widget-wrap\">\n\t\t\t\t\t\t\t\t\t<\/div>\n\t\t<\/div>\n\t\t\t\t\t\t\t<\/div>\n\t\t<\/section>\n\t\t\t\t\t\t\t<\/div>\n\t\t","protected":false},"excerpt":{"rendered":"<p>H\u0130ZMETLER\u0130M\u0130Z KARAYOLU TA\u015eIMACILI\u011eI \u0130htiya\u00e7lar\u0131n\u0131za \u00f6zel ara\u00e7 filomuz ile komple ve parsiyel ta\u015f\u0131mac\u0131l\u0131k hizmeti vermekteyiz. DEPOLAMA \u00dcr\u00fcnlerinizi g\u00fcvenli depolama alanlar\u0131m\u0131zda sakl\u0131yor, stok y\u00f6netimi konusunda size destek sa\u011fl\u0131yoruz. HIZLI VE G\u00dcVEN\u0130L\u0130R DA\u011eITIM Yurti\u00e7indeki da\u011f\u0131t\u0131m ihtiya\u00e7lar\u0131n\u0131z\u0131 zaman\u0131nda ve g\u00fcvenilir bir \u015fekilde kar\u015f\u0131l\u0131yoruz. Liman Hizmetleri Bu alanda lojistik a\u011fa sahip olan firmam\u0131z, y\u00fcklerinizi g\u00fcvenli bir \u015fekilde gemilere y\u00fckleme, bo\u015faltma, &hellip;<\/p>\n<p class=\"read-more\"> <a class=\"\" href=\"https:\/\/ozmenintermodal.com\/index.php\/projects\/\"> <span class=\"screen-reader-text\">Projects<\/span> Devam\u0131 &raquo;<\/a><\/p>\n","protected":false},"author":1,"featured_media":0,"parent":0,"menu_order":0,"comment_status":"closed","ping_status":"closed","template":"elementor_header_footer","meta":{"site-sidebar-layout":"no-sidebar","site-content-layout":"page-builder","ast-global-header-display":"","ast-banner-title-visibility":"","ast-main-header-display":"","ast-hfb-above-header-display":"","ast-hfb-below-header-display":"","ast-hfb-mobile-header-display":"","site-post-title":"disabled","ast-breadcrumbs-content":"","ast-featured-img":"disabled","footer-sml-layout":"","theme-transparent-header-meta":"enabled","adv-header-id-meta":"","stick-header-meta":"","header-above-stick-meta":"","header-main-stick-meta":"","header-below-stick-meta":""},"_links":{"self":[{"href":"https:\/\/ozmenintermodal.com\/index.php\/wp-json\/wp\/v2\/pages\/532"}],"collection":[{"href":"https:\/\/ozmenintermodal.com\/index.php\/wp-json\/wp\/v2\/pages"}],"about":[{"href":"https:\/\/ozmenintermodal.com\/index.php\/wp-json\/wp\/v2\/types\/page"}],"author":[{"embeddable":true,"href":"https:\/\/ozmenintermodal.com\/index.php\/wp-json\/wp\/v2\/users\/1"}],"replies":[{"embeddable":true,"href":"https:\/\/ozmenintermodal.com\/index.php\/wp-json\/wp\/v2\/comments?post=532"}],"version-history":[{"count":10,"href":"https:\/\/ozmenintermodal.com\/index.php\/wp-json\/wp\/v2\/pages\/532\/revisions"}],"predecessor-version":[{"id":629,"href":"https:\/\/ozmenintermodal.com\/index.php\/wp-json\/wp\/v2\/pages\/532\/revisions\/629"}],"wp:attachment":[{"href":"https:\/\/ozmenintermodal.com\/index.php\/wp-json\/wp\/v2\/media?parent=532"}],"curies":[{"name":"wp","href":"https:\/\/api.w.org\/{rel}","templated":true}]}}